{"id":1399,"date":"2022-08-11T12:51:32","date_gmt":"2022-08-11T12:51:32","guid":{"rendered":"https:\/\/bebob-staging.grand-digital.de\/?page_id=1399"},"modified":"2023-12-22T12:42:39","modified_gmt":"2023-12-22T11:42:39","slug":"imprint","status":"publish","type":"page","link":"https:\/\/bebob.de\/content\/en\/imprint\/","title":{"rendered":"Imprint"},"content":{"rendered":"\n<div style=\"height:50px\" aria-hidden=\"true\" class=\"wp-block-spacer\"><\/div>\n\n\n\n<h1 class=\"wp-block-heading\">Imprint<\/h1>\n\n\n\n<div style=\"height:25px\" aria-hidden=\"true\" class=\"wp-block-spacer\"><\/div>\n\n\n\n<div class=\"wp-block-group is-style-default\">\n<div class=\"wp-block-columns is-style-post-width\">\n<div class=\"wp-block-column\"><\/div>\n<\/div>\n<\/div>\n\n\n\n<p>Legal Provider Identification &#8211; Imprint:<\/p>\n\n\n\n<h4 class=\"wp-block-heading\"><strong>bebob factory GmbH<\/strong><\/h4>\n\n\n\n<p>Represented by the managing director Michael Erkelenz<\/p>\n\n\n\n<p>H\u00f6glw\u00f6rther Str. 350<br>D-81379 M\u00fcnchen<br>Tel. +49 (0)89\/ 8563 485 0<br>email&nbsp;<a href=\"mailto:info@bebob.de\">info@bebob.de<br><\/a>USt-IdNr.: DE 294383227<br>WEEE-Reg.-Nr.: DE 91602896<\/p>\n\n\n\n<div style=\"height:50px\" aria-hidden=\"true\" class=\"wp-block-spacer\"><\/div>\n\n\n\n<p>Registered in the Commercial Register of the Local Court of Munich Commercial Register Number HRB 211224.<\/p>\n\n\n\n<p>bebob\u00ae is a registered, protected trademark.<\/p>\n\n\n\n<p>We have been a member of the &#8222;FairCommerce&#8220; initiative since 26.08.2016. For more information, please visit www.fair-commerce.de.<\/p>\n\n\n\n<p>Responsible editor\/person responsible for content according to \u00a755 II RStV is Michael Erkelenz.<\/p>\n\n\n\n<p>Information obligations according to \u00a718 para. 2 Electrical and Electronic Equipment Act can be found under:<\/p>\n\n\n\n<p><a href=\"https:\/\/www.bmu.de\/themen\/wasser-abfall-boden\/abfallwirtschaft\/statistiken\/elektro-und-elektronikaltgeraete\" target=\"_blank\" rel=\"noreferrer noopener\">https:\/\/www.bmu.de\/themen\/wasser-abfall-boden\/abfallwirtschaft\/statistiken\/elektro-und-elektronikaltgeraete<\/a><\/p>\n","protected":false},"excerpt":{"rendered":"<p>Imprint Legal Provider Identification &#8211; Imprint: bebob factory GmbH Represented by the managing director Michael Erkelenz H\u00f6glw\u00f6rther Str. 350D-81379 M\u00fcnchenTel. +49 (0)89\/ 8563 485 0email&nbsp;info@bebob.deUSt-IdNr.: DE 294383227WEEE-Reg.-Nr.: DE 91602896 Registered in the Commercial Register of the Local Court of Munich Commercial Register Number HRB 211224. bebob\u00ae is a registered, protected trademark. We have been a &hellip;<br \/>\n    <a class=\"text-beboblightblue\" href=\"https:\/\/bebob.de\/content\/en\/imprint\/\"><\/a><\/p>\n","protected":false},"author":6,"featured_media":0,"parent":0,"menu_order":0,"comment_status":"closed","ping_status":"closed","template":"","meta":{"_seopress_robots_primary_cat":"","_seopress_titles_title":"","_seopress_titles_desc":"","_seopress_robots_index":""},"acf":[],"lang":"en","translations":{"en":1399,"de":183},"pll_sync_post":[],"_links":{"self":[{"href":"https:\/\/bebob.de\/content\/wp-json\/wp\/v2\/pages\/1399"}],"collection":[{"href":"https:\/\/bebob.de\/content\/wp-json\/wp\/v2\/pages"}],"about":[{"href":"https:\/\/bebob.de\/content\/wp-json\/wp\/v2\/types\/page"}],"author":[{"embeddable":true,"href":"https:\/\/bebob.de\/content\/wp-json\/wp\/v2\/users\/6"}],"replies":[{"embeddable":true,"href":"https:\/\/bebob.de\/content\/wp-json\/wp\/v2\/comments?post=1399"}],"version-history":[{"count":10,"href":"https:\/\/bebob.de\/content\/wp-json\/wp\/v2\/pages\/1399\/revisions"}],"predecessor-version":[{"id":3503,"href":"https:\/\/bebob.de\/content\/wp-json\/wp\/v2\/pages\/1399\/revisions\/3503"}],"wp:attachment":[{"href":"https:\/\/bebob.de\/content\/wp-json\/wp\/v2\/media?parent=1399"}],"curies":[{"name":"wp","href":"https:\/\/api.w.org\/{rel}","templated":true}]}}