{"id":183,"date":"2022-05-05T15:54:50","date_gmt":"2022-05-05T15:54:50","guid":{"rendered":"https:\/\/bebob-staging.grand-digital.de\/?page_id=183"},"modified":"2025-05-26T17:12:51","modified_gmt":"2025-05-26T15:12:51","slug":"impressum","status":"publish","type":"page","link":"https:\/\/bebob.de\/content\/impressum\/","title":{"rendered":"Impressum"},"content":{"rendered":"\n<div style=\"height:50px\" aria-hidden=\"true\" class=\"wp-block-spacer\"><\/div>\n\n\n\n<h1 class=\"wp-block-heading\">Impressum<\/h1>\n\n\n\n<div class=\"wp-block-group is-style-default\">\n<div class=\"wp-block-columns is-style-post-width\">\n<div class=\"wp-block-column\"><\/div>\n<\/div>\n<\/div>\n\n\n\n<div style=\"height:25px\" aria-hidden=\"true\" class=\"wp-block-spacer\"><\/div>\n\n\n\n<p>Gesetzliche Anbieterkennung &#8211; Impressum:<\/p>\n\n\n\n<h4 class=\"wp-block-heading\"><strong>bebob factory GmbH<\/strong><\/h4>\n\n\n\n<p>diese vertreten durch den Gesch\u00e4ftsf\u00fchrer&nbsp;Michael Erkelenz<\/p>\n\n\n\n<div style=\"height:25px\" aria-hidden=\"true\" class=\"wp-block-spacer\"><\/div>\n\n\n\n<p>H\u00f6glw\u00f6rther Str. 350<br>D-81379 M\u00fcnchen<br>Tel. +49 (0)89\/ 8563 485 0<br>email&nbsp;<a href=\"mailto:info@bebob.de\">info@bebob.de<br><\/a>USt-IdNr.: DE 294383227<br>WEEE-Reg.-Nr.: DE 91602896<\/p>\n\n\n\n<div style=\"height:25px\" aria-hidden=\"true\" class=\"wp-block-spacer\"><\/div>\n\n\n\n<p>Eingetragen im Handelsregister des Amtsgerichtes M\u00fcnchen Handelsregisternummer HRB 211224.<br>bebob\u00ae ist eine eingetragene, gesch\u00fctzte Handelsmarke.<\/p>\n\n\n\n<p>Wir sind seit 26.08.2016 Mitglied der Initiative &#8222;FairCommerce&#8220;. N\u00e4here Informationen hierzu finden Sie unter www.fair-commerce.de.<\/p>\n\n\n\n<p>Verantwortlicher Redakteur\/inhaltlich Verantwortlicher gem\u00e4\u00df \u00a755 II RStV ist Michael Erkelenz.<\/p>\n\n\n\n<p>Informationspflichten gem\u00e4\u00df \u00a718 Abs. 2 Elektro- und Elektronikger\u00e4tegesetz finden Sie unter:<\/p>\n\n\n\n<p><a href=\"https:\/\/www.bmu.de\/themen\/wasser-abfall-boden\/abfallwirtschaft\/statistiken\/elektro-und-elektronikaltgeraete\" target=\"_blank\" rel=\"noreferrer noopener\">https:\/\/www.bmu.de\/themen\/wasser-abfall-boden\/abfallwirtschaft\/statistiken\/elektro-und-elektronikaltgeraete<\/a><\/p>\n","protected":false},"excerpt":{"rendered":"<p>Impressum Gesetzliche Anbieterkennung &#8211; Impressum: bebob factory GmbH diese vertreten durch den Gesch\u00e4ftsf\u00fchrer&nbsp;Michael Erkelenz H\u00f6glw\u00f6rther Str. 350D-81379 M\u00fcnchenTel. +49 (0)89\/ 8563 485 0email&nbsp;info@bebob.deUSt-IdNr.: DE 294383227WEEE-Reg.-Nr.: DE 91602896 Eingetragen im Handelsregister des Amtsgerichtes M\u00fcnchen Handelsregisternummer HRB 211224.bebob\u00ae ist eine eingetragene, gesch\u00fctzte Handelsmarke. Wir sind seit 26.08.2016 Mitglied der Initiative &#8222;FairCommerce&#8220;. N\u00e4here Informationen hierzu finden Sie unter &hellip;<br \/>\n    <a class=\"text-beboblightblue\" href=\"https:\/\/bebob.de\/content\/impressum\/\"><\/a><\/p>\n","protected":false},"author":7,"featured_media":0,"parent":0,"menu_order":0,"comment_status":"closed","ping_status":"closed","template":"","meta":{"_seopress_robots_primary_cat":"","_seopress_titles_title":"","_seopress_titles_desc":"","_seopress_robots_index":""},"acf":[],"lang":"de","translations":{"de":183,"en":1399},"pll_sync_post":[],"_links":{"self":[{"href":"https:\/\/bebob.de\/content\/wp-json\/wp\/v2\/pages\/183"}],"collection":[{"href":"https:\/\/bebob.de\/content\/wp-json\/wp\/v2\/pages"}],"about":[{"href":"https:\/\/bebob.de\/content\/wp-json\/wp\/v2\/types\/page"}],"author":[{"embeddable":true,"href":"https:\/\/bebob.de\/content\/wp-json\/wp\/v2\/users\/7"}],"replies":[{"embeddable":true,"href":"https:\/\/bebob.de\/content\/wp-json\/wp\/v2\/comments?post=183"}],"version-history":[{"count":15,"href":"https:\/\/bebob.de\/content\/wp-json\/wp\/v2\/pages\/183\/revisions"}],"predecessor-version":[{"id":4962,"href":"https:\/\/bebob.de\/content\/wp-json\/wp\/v2\/pages\/183\/revisions\/4962"}],"wp:attachment":[{"href":"https:\/\/bebob.de\/content\/wp-json\/wp\/v2\/media?parent=183"}],"curies":[{"name":"wp","href":"https:\/\/api.w.org\/{rel}","templated":true}]}}