{"id":186,"date":"2022-05-05T15:55:27","date_gmt":"2022-05-05T15:55:27","guid":{"rendered":"https:\/\/bebob-staging.grand-digital.de\/?page_id=186"},"modified":"2025-10-02T12:17:17","modified_gmt":"2025-10-02T10:17:17","slug":"kontakt","status":"publish","type":"page","link":"https:\/\/bebob.de\/content\/kontakt\/","title":{"rendered":"Kontakt"},"content":{"rendered":"\n<div class=\"wp-block-group is-style-kontakt\" style=\"padding-bottom:0px\">\n<div class=\"wp-block-columns\">\n<div class=\"wp-block-column\">\n<h2 class=\"wp-block-heading\">Kontaktieren Sie uns<\/h2>\n\n\n\n<p>Tel. <a href=\"tel:+498985634850\">+49 (0)89 8563 485 0<\/a><br>E-Mail: <a href=\"mailto:info@bebob.de\">info@bebob.de<\/a> <br><\/p>\n\n\n\n<div class=\"wp-block-buttons\">\n<div class=\"wp-block-button is-style-checked no-underline is-style-no-icons\"><a class=\"wp-block-button__link\" href=\"https:\/\/bebob.de\/content\/allgemeine-anfrage\/\">Allgemeine Anfrage<\/a><\/div>\n\n\n\n<div class=\"wp-block-button is-style-checked is-style-outline\"><a class=\"wp-block-button__link\" href=\"https:\/\/bebob.de\/content\/anregungen\/\"> Anregungen<\/a><\/div>\n<\/div>\n<\/div>\n\n\n\n<div class=\"wp-block-column\">\n<h2 class=\"wp-block-heading\">Service-Anfrage<\/h2>\n\n\n\n<p>Sie haben eine allgemeine Frage oder ben\u00f6tigen Hilfe zu einem bereits erworbenen Produkt? Bitte nutzen Sie das entsprechende Formular, so k\u00f6nnen wir Ihnen schnellstm\u00f6glichst weiterhelfen!<\/p>\n\n\n\n<div class=\"wp-block-buttons\" style=\"margin-top:0px;margin-bottom:0px\">\n<div class=\"wp-block-button is-style-checked is-style-no-icons\"><a class=\"wp-block-button__link\" href=\"https:\/\/bebob.de\/content\/technischer-support\/\">Service-Anfrage<\/a><\/div>\n<\/div>\n<\/div>\n<\/div>\n<\/div>\n","protected":false},"excerpt":{"rendered":"<p>Kontaktieren Sie uns Tel. +49 (0)89 8563 485 0E-Mail: info@bebob.de Service-Anfrage Sie haben eine allgemeine Frage oder ben\u00f6tigen Hilfe zu einem bereits erworbenen Produkt? Bitte nutzen Sie das entsprechende Formular, so k\u00f6nnen wir Ihnen schnellstm\u00f6glichst weiterhelfen!<\/p>\n","protected":false},"author":7,"featured_media":0,"parent":0,"menu_order":0,"comment_status":"closed","ping_status":"closed","template":"","meta":{"_seopress_robots_primary_cat":"","_seopress_titles_title":"","_seopress_titles_desc":"","_seopress_robots_index":""},"acf":[],"lang":"de","translations":{"de":186,"en":1403},"pll_sync_post":[],"_links":{"self":[{"href":"https:\/\/bebob.de\/content\/wp-json\/wp\/v2\/pages\/186"}],"collection":[{"href":"https:\/\/bebob.de\/content\/wp-json\/wp\/v2\/pages"}],"about":[{"href":"https:\/\/bebob.de\/content\/wp-json\/wp\/v2\/types\/page"}],"author":[{"embeddable":true,"href":"https:\/\/bebob.de\/content\/wp-json\/wp\/v2\/users\/7"}],"replies":[{"embeddable":true,"href":"https:\/\/bebob.de\/content\/wp-json\/wp\/v2\/comments?post=186"}],"version-history":[{"count":83,"href":"https:\/\/bebob.de\/content\/wp-json\/wp\/v2\/pages\/186\/revisions"}],"predecessor-version":[{"id":5079,"href":"https:\/\/bebob.de\/content\/wp-json\/wp\/v2\/pages\/186\/revisions\/5079"}],"wp:attachment":[{"href":"https:\/\/bebob.de\/content\/wp-json\/wp\/v2\/media?parent=186"}],"curies":[{"name":"wp","href":"https:\/\/api.w.org\/{rel}","templated":true}]}}