{"id":279,"date":"2022-05-12T13:35:44","date_gmt":"2022-05-12T13:35:44","guid":{"rendered":"https:\/\/bebob-staging.grand-digital.de\/?page_id=279"},"modified":"2025-05-26T17:13:35","modified_gmt":"2025-05-26T15:13:35","slug":"hinweise-zur-akkuentsorgung","status":"publish","type":"page","link":"https:\/\/bebob.de\/content\/hinweise-zur-akkuentsorgung\/","title":{"rendered":"Hinweise zur Akkuentsorgung"},"content":{"rendered":"\n<div style=\"height:50px\" aria-hidden=\"true\" class=\"wp-block-spacer\"><\/div>\n\n\n\n<h1 class=\"wp-block-heading\">Hinweise zur Akkuentsorgung<\/h1>\n\n\n\n<div style=\"height:50px\" aria-hidden=\"true\" class=\"wp-block-spacer\"><\/div>\n\n\n\n<p>Im Zusammenhang mit dem Vertrieb von Akkus oder mit der Lieferung von Ger\u00e4ten, die Akkus enthalten, sind wir verpflichtet, Sie auf deren richtige Entsorgung hinzuweisen: <\/p>\n\n\n\n<p>Als Endnutzer sind Sie gesetzlich zur R\u00fcckgabe gebrauchter Akkus verpflichtet. Sie k\u00f6nnen Altakkus, die wir als Neuakkus im Sortiment f\u00fchren oder gef\u00fchrt haben, unentgeltlich an unser Versandlager (bebob factory GmbH &#8211; H\u00f6glw\u00f6rtherstr. 350 &#8211; 81379 M\u00fcnchen) zur\u00fcckgeben.<\/p>\n\n\n\n<p>Das auf den Akkus abgebildete Symbol einer durchgekreuzten M\u00fclltonne&nbsp;bedeutet, dass die Akkus nicht in den Hausm\u00fcll gegeben werden d\u00fcrfen.<\/p>\n","protected":false},"excerpt":{"rendered":"<p>Hinweise zur Akkuentsorgung Im Zusammenhang mit dem Vertrieb von Akkus oder mit der Lieferung von Ger\u00e4ten, die Akkus enthalten, sind wir verpflichtet, Sie auf deren richtige Entsorgung hinzuweisen: Als Endnutzer sind Sie gesetzlich zur R\u00fcckgabe gebrauchter Akkus verpflichtet. Sie k\u00f6nnen Altakkus, die wir als Neuakkus im Sortiment f\u00fchren oder gef\u00fchrt haben, unentgeltlich an unser Versandlager &hellip;<br \/>\n    <a class=\"text-beboblightblue\" href=\"https:\/\/bebob.de\/content\/hinweise-zur-akkuentsorgung\/\"><\/a><\/p>\n","protected":false},"author":7,"featured_media":0,"parent":0,"menu_order":0,"comment_status":"closed","ping_status":"closed","template":"","meta":{"_seopress_robots_primary_cat":"","_seopress_titles_title":"","_seopress_titles_desc":"","_seopress_robots_index":""},"acf":[],"lang":"de","translations":{"de":279,"en":1395},"pll_sync_post":[],"_links":{"self":[{"href":"https:\/\/bebob.de\/content\/wp-json\/wp\/v2\/pages\/279"}],"collection":[{"href":"https:\/\/bebob.de\/content\/wp-json\/wp\/v2\/pages"}],"about":[{"href":"https:\/\/bebob.de\/content\/wp-json\/wp\/v2\/types\/page"}],"author":[{"embeddable":true,"href":"https:\/\/bebob.de\/content\/wp-json\/wp\/v2\/users\/7"}],"replies":[{"embeddable":true,"href":"https:\/\/bebob.de\/content\/wp-json\/wp\/v2\/comments?post=279"}],"version-history":[{"count":14,"href":"https:\/\/bebob.de\/content\/wp-json\/wp\/v2\/pages\/279\/revisions"}],"predecessor-version":[{"id":4963,"href":"https:\/\/bebob.de\/content\/wp-json\/wp\/v2\/pages\/279\/revisions\/4963"}],"wp:attachment":[{"href":"https:\/\/bebob.de\/content\/wp-json\/wp\/v2\/media?parent=279"}],"curies":[{"name":"wp","href":"https:\/\/api.w.org\/{rel}","templated":true}]}}