{"id":282,"date":"2022-05-12T13:35:56","date_gmt":"2022-05-12T13:35:56","guid":{"rendered":"https:\/\/bebob-staging.grand-digital.de\/?page_id=282"},"modified":"2025-05-26T17:14:49","modified_gmt":"2025-05-26T15:14:49","slug":"garantie","status":"publish","type":"page","link":"https:\/\/bebob.de\/content\/garantie\/","title":{"rendered":"Garantie"},"content":{"rendered":"\n<div style=\"height:50px\" aria-hidden=\"true\" class=\"wp-block-spacer\"><\/div>\n\n\n\n<h1 class=\"wp-block-heading\">Garantie<\/h1>\n\n\n\n<div style=\"height:50px\" aria-hidden=\"true\" class=\"wp-block-spacer\"><\/div>\n\n\n\n<p style=\"font-size:16px\">bebob gew\u00e4hrt 2 Jahre Garantie auf die einwandfreie Funktionsf\u00e4higkeit aller Produkte.<\/p>\n\n\n\n<p style=\"font-size:16px\">Zus\u00e4tzlich wird eine Garantie auf die Kapazit\u00e4t von bebob Akkus gegeben, die wie folgt geregelt ist:<\/p>\n\n\n\n<p style=\"font-size:16px\">&#8211; CINE, B-Mount und CUBE 1200 Akkus: 2 Jahre Garantie auf 80% der urspr\u00fcnglichen Kapazit\u00e4t<\/p>\n\n\n\n<p style=\"font-size:16px\">&#8211; alle anderen Akku-Modelle: 1 Jahr Garantie auf 70% der urspr\u00fcnglichen Kapazit\u00e4t<\/p>\n","protected":false},"excerpt":{"rendered":"<p>Garantie bebob gew\u00e4hrt 2 Jahre Garantie auf die einwandfreie Funktionsf\u00e4higkeit aller Produkte. Zus\u00e4tzlich wird eine Garantie auf die Kapazit\u00e4t von bebob Akkus gegeben, die wie folgt geregelt ist: &#8211; CINE, B-Mount und CUBE 1200 Akkus: 2 Jahre Garantie auf 80% der urspr\u00fcnglichen Kapazit\u00e4t &#8211; alle anderen Akku-Modelle: 1 Jahr Garantie auf 70% der urspr\u00fcnglichen Kapazit\u00e4t<\/p>\n","protected":false},"author":7,"featured_media":0,"parent":0,"menu_order":0,"comment_status":"closed","ping_status":"closed","template":"","meta":{"_seopress_robots_primary_cat":"","_seopress_titles_title":"","_seopress_titles_desc":"","_seopress_robots_index":""},"acf":[],"lang":"de","translations":{"de":282,"en":1378},"pll_sync_post":[],"_links":{"self":[{"href":"https:\/\/bebob.de\/content\/wp-json\/wp\/v2\/pages\/282"}],"collection":[{"href":"https:\/\/bebob.de\/content\/wp-json\/wp\/v2\/pages"}],"about":[{"href":"https:\/\/bebob.de\/content\/wp-json\/wp\/v2\/types\/page"}],"author":[{"embeddable":true,"href":"https:\/\/bebob.de\/content\/wp-json\/wp\/v2\/users\/7"}],"replies":[{"embeddable":true,"href":"https:\/\/bebob.de\/content\/wp-json\/wp\/v2\/comments?post=282"}],"version-history":[{"count":13,"href":"https:\/\/bebob.de\/content\/wp-json\/wp\/v2\/pages\/282\/revisions"}],"predecessor-version":[{"id":4964,"href":"https:\/\/bebob.de\/content\/wp-json\/wp\/v2\/pages\/282\/revisions\/4964"}],"wp:attachment":[{"href":"https:\/\/bebob.de\/content\/wp-json\/wp\/v2\/media?parent=282"}],"curies":[{"name":"wp","href":"https:\/\/api.w.org\/{rel}","templated":true}]}}