{"id":2857,"date":"2023-02-14T15:28:40","date_gmt":"2023-02-14T15:28:40","guid":{"rendered":"https:\/\/bebob.de\/content\/?page_id=2857"},"modified":"2025-05-19T14:25:04","modified_gmt":"2025-05-19T12:25:04","slug":"ueber-uns","status":"publish","type":"page","link":"https:\/\/bebob.de\/content\/ueber-uns\/","title":{"rendered":"\u00dcber uns"},"content":{"rendered":"\n<div style=\"height:100px\" aria-hidden=\"true\" class=\"wp-block-spacer\"><\/div>\n\n\n\n<div id=\"akku-manufaktur\" class=\"wp-block-group is-style-default\">\n<div class=\"wp-block-columns is-style-post-width\">\n<div class=\"wp-block-column\" style=\"flex-basis:66%\">\n<h2 class=\"wp-block-heading\" style=\"line-height:1.8\">Akku-Manufaktur aus M\u00fcnchen<\/h2>\n\n\n\n<p>Seit 30 Jahren steht bebob f\u00fcr hochwertiges Kamerazubeh\u00f6r, f\u00fcr technologische Innovationen und Qualit\u00e4t \u201emade in Germany\u201c. <\/p>\n\n\n\n<p>1995 von Pierre Boudard gegr\u00fcndet, hat sich unsere Akku-Manufaktur zu einem der renommiertesten Hersteller im Bereich Filmtechnik entwickelt.<\/p>\n<\/div>\n\n\n\n<div class=\"wp-block-column\" style=\"flex-basis:33%\">\n<figure class=\"wp-block-image size-full is-style-default\"><img decoding=\"async\" loading=\"lazy\" width=\"1021\" height=\"577\" src=\"https:\/\/bebob.de\/content\/app\/uploads\/2023\/02\/deutsche-manufaktur-handmade-in-germany-1-1024x1024-1-1-1-edited-2.png\" alt=\"\" class=\"wp-image-2956\" srcset=\"https:\/\/bebob.de\/content\/app\/uploads\/2023\/02\/deutsche-manufaktur-handmade-in-germany-1-1024x1024-1-1-1-edited-2.png 1021w, https:\/\/bebob.de\/content\/app\/uploads\/2023\/02\/deutsche-manufaktur-handmade-in-germany-1-1024x1024-1-1-1-edited-2-300x170.png 300w, https:\/\/bebob.de\/content\/app\/uploads\/2023\/02\/deutsche-manufaktur-handmade-in-germany-1-1024x1024-1-1-1-edited-2-768x434.png 768w\" sizes=\"(max-width: 1021px) 100vw, 1021px\" \/><\/figure>\n<\/div>\n<\/div>\n<\/div>\n\n\n\n<div id=\"team\" class=\"wp-block-group is-style-page-wrapper\">\n<div class=\"wp-block-columns is-style-post-width\">\n<div class=\"wp-block-column\" style=\"flex-basis:33%\">\n<figure class=\"wp-block-image size-full is-style-default\"><img decoding=\"async\" loading=\"lazy\" width=\"885\" height=\"630\" src=\"https:\/\/bebob.de\/content\/app\/uploads\/2023\/03\/Michael-Erkelenz.jpg\" alt=\"\" class=\"wp-image-2993\" srcset=\"https:\/\/bebob.de\/content\/app\/uploads\/2023\/03\/Michael-Erkelenz.jpg 885w, https:\/\/bebob.de\/content\/app\/uploads\/2023\/03\/Michael-Erkelenz-300x214.jpg 300w, https:\/\/bebob.de\/content\/app\/uploads\/2023\/03\/Michael-Erkelenz-768x547.jpg 768w\" sizes=\"(max-width: 885px) 100vw, 885px\" \/><figcaption> Gesch\u00e4ftsf\u00fchrer Michael Erkelenz<\/figcaption><\/figure>\n<\/div>\n\n\n\n<div class=\"wp-block-column\" style=\"flex-basis:66%\">\n<h2 class=\"wp-block-heading\">Unser Team<\/h2>\n\n\n\n<p>bebob st\u00fctzt sich auf eine perfekt ausgebildete und erfahrene Mannschaft von Mitarbeitern, Zulieferern und Dienstleistern. <\/p>\n\n\n\n<p>Kunden und Partner k\u00f6nnen bei uns \u2013 neben fachlicher Kompetenz \u2013 auf Freundlichkeit und Professionalit\u00e4t vertrauen. <\/p>\n\n\n\n<p>2020 wurde bebob neu aufgestellt. Seitdem agiert&nbsp;Michael Erkelenz als Gesch\u00e4ftsf\u00fchrer.<\/p>\n<\/div>\n<\/div>\n<\/div>\n\n\n\n<div id=\"kunden\" class=\"wp-block-group is-style-page-wrapper\">\n<div class=\"wp-block-group is-style-absolute-full-width has-gray-background-color has-background\">\n<div class=\"wp-block-columns is-style-post-width\">\n<div class=\"wp-block-column\" style=\"flex-basis:66%\">\n<h2 class=\"wp-block-heading\">Unsere Kunden<\/h2>\n\n\n\n<p>Kamerazubeh\u00f6r von bebob ist auf der ganzen Welt im Einsatz. Die namhaftesten Fernsehanstalten und Filmtechnik-Verleihfirmen vertrauen auf die hohe Qualit\u00e4t und innovativen Ausstattungsdetails unserer Akkus und Ladeger\u00e4te. Um nur einige zu nennen:<\/p>\n\n\n\n<p><strong>Fernsehanstalten<\/strong>: BR, HR, NDR, SR, DW, RB, WDR, ZDF, NDR, SWR, BR, HR, RAI, BBC, TVE, FRANCE 3, Al JAZIRA, \u2026<\/p>\n\n\n\n<p><strong>Verleihfirmen<\/strong>: ARRI, Ludwig Kameraverleih, Vantage, FGV Schmidle, Cinegate, Cine-Mobil, Panalux London, TSF Paris, RVZ Paris, OVIDE Spain, Eyelight Belgium<\/p>\n<\/div>\n\n\n\n<div class=\"wp-block-column\" style=\"flex-basis:33%\">\n<figure class=\"wp-block-image size-full is-style-default\"><img decoding=\"async\" loading=\"lazy\" width=\"522\" height=\"522\" src=\"https:\/\/bebob.de\/content\/app\/uploads\/2023\/05\/BEBOB-CUBE10868-edited.jpg\" alt=\"\" class=\"wp-image-3046\" srcset=\"https:\/\/bebob.de\/content\/app\/uploads\/2023\/05\/BEBOB-CUBE10868-edited.jpg 522w, https:\/\/bebob.de\/content\/app\/uploads\/2023\/05\/BEBOB-CUBE10868-edited-300x300.jpg 300w, https:\/\/bebob.de\/content\/app\/uploads\/2023\/05\/BEBOB-CUBE10868-edited-150x150.jpg 150w\" sizes=\"(max-width: 522px) 100vw, 522px\" \/><\/figure>\n<\/div>\n<\/div>\n\n\n\n<div style=\"height:7px\" aria-hidden=\"true\" class=\"wp-block-spacer\"><\/div>\n<\/div>\n<\/div>\n\n\n\n<div id=\"qualitaetsstandards\" class=\"wp-block-group is-style-page-wrapper\">\n<div class=\"wp-block-columns is-style-post-width\">\n<div class=\"wp-block-column\" style=\"flex-basis:33%\">\n<figure class=\"wp-block-image size-full is-style-default\"><img decoding=\"async\" loading=\"lazy\" width=\"973\" height=\"667\" src=\"https:\/\/bebob.de\/content\/app\/uploads\/2023\/03\/haende-loeten-v1.jpg\" alt=\"\" class=\"wp-image-2979\" srcset=\"https:\/\/bebob.de\/content\/app\/uploads\/2023\/03\/haende-loeten-v1.jpg 973w, https:\/\/bebob.de\/content\/app\/uploads\/2023\/03\/haende-loeten-v1-300x206.jpg 300w, https:\/\/bebob.de\/content\/app\/uploads\/2023\/03\/haende-loeten-v1-768x526.jpg 768w\" sizes=\"(max-width: 973px) 100vw, 973px\" \/><\/figure>\n<\/div>\n\n\n\n<div class=\"wp-block-column\" style=\"flex-basis:66%\">\n<h2 class=\"wp-block-heading\">H\u00f6chste Qualit\u00e4tsstandards<\/h2>\n\n\n\n<p>Unsere Produkte werden in unserer Manufaktur sowie bei Zulieferern im M\u00fcnchner Umland gefertigt. Dabei kommen nur gepr\u00fcfte, hochwertige Bauteile zum Einsatz.<\/p>\n\n\n\n<p>Wir stehen in engem Kontakt zu unseren Kunden und Partnern \u2013 deshalb liegt auch der Fokus bei der Entwicklung neuer Produkte immer auf dem Nutzen f\u00fcr unsere Anwender.<\/p>\n<\/div>\n<\/div>\n<\/div>\n\n\n\n<div class=\"wp-block-group is-style-page-wrapper\">\n<div class=\"wp-block-columns is-style-post-width\">\n<div class=\"wp-block-column\" style=\"flex-basis:66%\">\n<p>So entstanden bebob-typische Ausstattungsdetails, die nach wie vor Standards setzen \u2013 wie zum Beispiel:<\/p>\n\n\n\n<ul><li>Nahezu unzerst\u00f6rbare, stapelbare Geh\u00e4use<\/li><li>Austauschbare Zellen<\/li><li>Twist D-Tap Anschluss<\/li><li>CINE V-Mount<\/li><li>B-Mount als universelle Akku-Schnittstelle<\/li><\/ul>\n<\/div>\n\n\n\n<div class=\"wp-block-column\" style=\"flex-basis:33%\">\n<figure class=\"wp-block-image size-large is-style-default\"><img decoding=\"async\" loading=\"lazy\" width=\"1200\" height=\"749\" src=\"https:\/\/bebob.de\/content\/app\/uploads\/2023\/03\/3C4A9419-edited.jpg\" alt=\"\" class=\"wp-image-2969\" srcset=\"https:\/\/bebob.de\/content\/app\/uploads\/2023\/03\/3C4A9419-edited.jpg 1200w, https:\/\/bebob.de\/content\/app\/uploads\/2023\/03\/3C4A9419-edited-300x187.jpg 300w, https:\/\/bebob.de\/content\/app\/uploads\/2023\/03\/3C4A9419-edited-1024x639.jpg 1024w, https:\/\/bebob.de\/content\/app\/uploads\/2023\/03\/3C4A9419-edited-768x479.jpg 768w\" sizes=\"(max-width: 1200px) 100vw, 1200px\" \/><\/figure>\n<\/div>\n<\/div>\n<\/div>\n\n\n\n<div id=\"zertifiziert\" class=\"wp-block-group is-style-page-wrapper\">\n<div class=\"wp-block-columns is-style-post-width\">\n<div class=\"wp-block-column\" style=\"flex-basis:33%\">\n<figure class=\"wp-block-image size-large is-style-default\"><img decoding=\"async\" loading=\"lazy\" width=\"1024\" height=\"841\" src=\"https:\/\/bebob.de\/content\/app\/uploads\/2024\/01\/ISO-9001Qu-D-1024x841.jpg\" alt=\"\" class=\"wp-image-3576\" srcset=\"https:\/\/bebob.de\/content\/app\/uploads\/2024\/01\/ISO-9001Qu-D-1024x841.jpg 1024w, https:\/\/bebob.de\/content\/app\/uploads\/2024\/01\/ISO-9001Qu-D-300x246.jpg 300w, https:\/\/bebob.de\/content\/app\/uploads\/2024\/01\/ISO-9001Qu-D-768x631.jpg 768w, https:\/\/bebob.de\/content\/app\/uploads\/2024\/01\/ISO-9001Qu-D.jpg 1181w\" sizes=\"(max-width: 1024px) 100vw, 1024px\" \/><\/figure>\n<\/div>\n\n\n\n<div class=\"wp-block-column\" style=\"flex-basis:66%\">\n<h2 class=\"wp-block-heading\">ISO 9001 Zertifizierung<\/h2>\n\n\n\n<p>Als Hersteller von Premiumprodukten steht bei bebob Qualit\u00e4t an oberster Stelle. Das gilt nicht nur f\u00fcr unsere gesamte Produktpalette, sondern auch f\u00fcr s\u00e4mtliche Prozesse in Entwicklung, Herstellung und Vertrieb. S\u00e4mtliche Abl\u00e4ufe wurden in detaillierten Audits durch die <a href=\"https:\/\/www.dakks.de\/de\/home.html\" target=\"_blank\" rel=\"noreferrer noopener\">Deutsche Akkreditierungsstelle<\/a> und dem <a href=\"https:\/\/iaf.nu\/en\/home\/\" target=\"_blank\" rel=\"noreferrer noopener\">International Accreditation Forum&nbsp;(IAF)<\/a> gepr\u00fcft, dokumentiert und zertifiziert. Wir sind stolz darauf, das <a href=\"https:\/\/www.dqsglobal.com\/de-de\/zertifizieren\/iso-9001-zertifizierung?\" target=\"_blank\" rel=\"noreferrer noopener\">ISO 9001<\/a> Siegel tragen zu d\u00fcrfen. Ein nachhaltiges Qualit\u00e4tsmanagement nach DIN EN ISO 9001 sichert eine kontinuierlich hohe Qualit\u00e4t von Produkten oder Dienstleistungen.<br>Eine weitere Best\u00e4tigung, dass Kunden bei uns auf gepr\u00fcfte Qualit\u00e4t und Sicherheit vertrauen k\u00f6nnen.<\/p>\n<\/div>\n<\/div>\n<\/div>\n\n\n\n<div id=\"massgeschneidert\" class=\"wp-block-group is-style-page-wrapper\">\n<div id=\"massgeschneidert\" class=\"wp-block-group is-style-absolute-full-width has-gray-background-color has-background\">\n<div style=\"height:23px\" aria-hidden=\"true\" class=\"wp-block-spacer\"><\/div>\n\n\n\n<div class=\"wp-block-columns is-style-post-width\">\n<div class=\"wp-block-column\">\n<h2 class=\"wp-block-heading\">Ma\u00dfgeschneiderte L\u00f6sungen<\/h2>\n\n\n\n<p>Unsere Expertise bei der Entwicklung ma\u00dfgeschneiderter Produkte konnten wir bereits bei einigen namhaften Kunden unter Beweis stellen. Dar\u00fcber hinaus bieten wir auch individuelle L\u00f6sungen f\u00fcr den Einkauf (wie zum Beispiel die Langzeitmiete) an.<br><strong>Einige Beispiele:<\/strong><\/p>\n<\/div>\n<\/div>\n\n\n\n<div class=\"wp-block-columns is-style-post-width-no-space\">\n<div class=\"wp-block-column is-vertically-aligned-center\" style=\"flex-basis:33%\">\n<figure class=\"wp-block-image alignright size-full is-resized is-style-default\"><img decoding=\"async\" src=\"https:\/\/bebob.de\/content\/app\/uploads\/2023\/03\/massgeschneidert3.png\" alt=\"\" class=\"wp-image-2989\" width=\"171\" srcset=\"https:\/\/bebob.de\/content\/app\/uploads\/2023\/03\/massgeschneidert3.png 1000w, https:\/\/bebob.de\/content\/app\/uploads\/2023\/03\/massgeschneidert3-300x188.png 300w, https:\/\/bebob.de\/content\/app\/uploads\/2023\/03\/massgeschneidert3-768x480.png 768w\" sizes=\"(max-width: 1000px) 100vw, 1000px\" \/><\/figure>\n<\/div>\n\n\n\n<div class=\"wp-block-column is-vertically-aligned-center\" style=\"flex-basis:66%\">\n<p><strong>Kunde: <\/strong>Norddeutscher Rundfunk&nbsp;<br><strong>Projekt:<\/strong> Integration von Funk-Schnittstellen in ein tragbares Audio-System<br><strong>Menge:<\/strong> unter 100 St\u00fcck<br><strong>Umsetzung:<\/strong> innerhalb von 6 Monaten<\/p>\n<\/div>\n<\/div>\n\n\n\n<div class=\"wp-block-columns is-style-post-width-no-space\">\n<div class=\"wp-block-column is-vertically-aligned-center\" style=\"flex-basis:33%\">\n<figure class=\"wp-block-image alignright size-full is-resized is-style-default\"><img decoding=\"async\" loading=\"lazy\" src=\"https:\/\/bebob.de\/content\/app\/uploads\/2023\/03\/arri4.png\" alt=\"\" class=\"wp-image-2965\" width=\"171\" height=\"105\" srcset=\"https:\/\/bebob.de\/content\/app\/uploads\/2023\/03\/arri4.png 683w, https:\/\/bebob.de\/content\/app\/uploads\/2023\/03\/arri4-300x185.png 300w\" sizes=\"(max-width: 171px) 100vw, 171px\" \/><\/figure>\n<\/div>\n\n\n\n<div class=\"wp-block-column is-vertically-aligned-center\" style=\"flex-basis:66%\">\n<p class=\"has-text-align-left\"><strong>Kunde: <\/strong>ARRI Licht<br><strong>Projekt:<\/strong> Akkuhalter f\u00fcr SkyPanel\u00ae<br><strong>Menge:<\/strong> Unter 10.000 St\u00fcck<br><strong>Umsetzung:<\/strong>&nbsp;innerhalb von&nbsp;10 Wochen<\/p>\n<\/div>\n<\/div>\n\n\n\n<div class=\"wp-block-columns is-style-post-width-no-space\">\n<div class=\"wp-block-column is-vertically-aligned-center\" style=\"flex-basis:33%\">\n<figure class=\"wp-block-image alignright size-full is-resized is-style-default\"><img decoding=\"async\" loading=\"lazy\" src=\"https:\/\/bebob.de\/content\/app\/uploads\/2023\/03\/ports-other-bebob2.png\" alt=\"\" class=\"wp-image-2991\" width=\"171\" height=\"100\" srcset=\"https:\/\/bebob.de\/content\/app\/uploads\/2023\/03\/ports-other-bebob2.png 684w, https:\/\/bebob.de\/content\/app\/uploads\/2023\/03\/ports-other-bebob2-300x175.png 300w\" sizes=\"(max-width: 171px) 100vw, 171px\" \/><\/figure>\n<\/div>\n\n\n\n<div class=\"wp-block-column is-vertically-aligned-center\" style=\"flex-basis:66%\">\n<p><strong>Kunde:<\/strong> ARRI Kamera<br><strong>Projekt: <\/strong>V-Mount Akku Platte f\u00fcr Alexa Mini<br><strong>Menge: <\/strong>\u00fcber 1.000 St\u00fcck<br><strong>Umsetzung: <\/strong>innerhalb von 6 Wochen<\/p>\n<\/div>\n<\/div>\n\n\n\n<div class=\"wp-block-columns is-style-post-width-no-space\">\n<div class=\"wp-block-column is-vertically-aligned-center\" style=\"flex-basis:33%\">\n<figure class=\"wp-block-image alignright size-full is-resized is-style-default\"><img decoding=\"async\" src=\"https:\/\/bebob.de\/content\/app\/uploads\/2023\/03\/lineup.png\" alt=\"\" class=\"wp-image-2967\" width=\"250\" srcset=\"https:\/\/bebob.de\/content\/app\/uploads\/2023\/03\/lineup.png 682w, https:\/\/bebob.de\/content\/app\/uploads\/2023\/03\/lineup-300x154.png 300w\" sizes=\"(max-width: 682px) 100vw, 682px\" \/><\/figure>\n<\/div>\n\n\n\n<div class=\"wp-block-column is-vertically-aligned-center\" style=\"flex-basis:66%\">\n<p class=\"has-text-align-left\"><strong>Langzeitmiete:<\/strong><br>Kein Investitionsbedarf<br>Automatische Pflege und Erneuerung des Akkuparks<br>Keine notwendige Budgetierung<br><strong>Menge:<\/strong> ab 50 Einheiten<\/p>\n<\/div>\n<\/div>\n\n\n\n<div style=\"height:40px\" aria-hidden=\"true\" class=\"wp-block-spacer\"><\/div>\n<\/div>\n<\/div>\n","protected":false},"excerpt":{"rendered":"<p>Akku-Manufaktur aus M\u00fcnchen Seit 30 Jahren steht bebob f\u00fcr hochwertiges Kamerazubeh\u00f6r, f\u00fcr technologische Innovationen und Qualit\u00e4t \u201emade in Germany\u201c. 1995 von Pierre Boudard gegr\u00fcndet, hat sich unsere Akku-Manufaktur zu einem der renommiertesten Hersteller im Bereich Filmtechnik entwickelt. Unser Team bebob st\u00fctzt sich auf eine perfekt ausgebildete und erfahrene Mannschaft von Mitarbeitern, Zulieferern und Dienstleistern. Kunden &hellip;<br \/>\n    <a class=\"text-beboblightblue\" href=\"https:\/\/bebob.de\/content\/ueber-uns\/\"><\/a><\/p>\n","protected":false},"author":7,"featured_media":0,"parent":0,"menu_order":0,"comment_status":"closed","ping_status":"closed","template":"","meta":{"_seopress_robots_primary_cat":"","_seopress_titles_title":"","_seopress_titles_desc":"","_seopress_robots_index":""},"acf":[],"lang":"de","translations":{"de":2857,"en":3075},"pll_sync_post":[],"_links":{"self":[{"href":"https:\/\/bebob.de\/content\/wp-json\/wp\/v2\/pages\/2857"}],"collection":[{"href":"https:\/\/bebob.de\/content\/wp-json\/wp\/v2\/pages"}],"about":[{"href":"https:\/\/bebob.de\/content\/wp-json\/wp\/v2\/types\/page"}],"author":[{"embeddable":true,"href":"https:\/\/bebob.de\/content\/wp-json\/wp\/v2\/users\/7"}],"replies":[{"embeddable":true,"href":"https:\/\/bebob.de\/content\/wp-json\/wp\/v2\/comments?post=2857"}],"version-history":[{"count":129,"href":"https:\/\/bebob.de\/content\/wp-json\/wp\/v2\/pages\/2857\/revisions"}],"predecessor-version":[{"id":4903,"href":"https:\/\/bebob.de\/content\/wp-json\/wp\/v2\/pages\/2857\/revisions\/4903"}],"wp:attachment":[{"href":"https:\/\/bebob.de\/content\/wp-json\/wp\/v2\/media?parent=2857"}],"curies":[{"name":"wp","href":"https:\/\/api.w.org\/{rel}","templated":true}]}}