{"id":299,"date":"2022-05-12T13:37:38","date_gmt":"2022-05-12T13:37:38","guid":{"rendered":"https:\/\/bebob-staging.grand-digital.de\/?page_id=299"},"modified":"2024-04-17T16:07:23","modified_gmt":"2024-04-17T14:07:23","slug":"einsatzbereiche-cube-1200","status":"publish","type":"page","link":"https:\/\/bebob.de\/content\/einsatzbereiche-cube-1200\/","title":{"rendered":"Einsatzbereiche CUBE 1200"},"content":{"rendered":"\n<div style=\"height:50px\" aria-hidden=\"true\" class=\"wp-block-spacer\"><\/div>\n\n\n\n<h1 class=\"wp-block-heading\">Einsatzbereiche CUBE 1200<\/h1>\n\n\n\n<div class=\"wp-block-group is-style-page-wrapper\">\n<div class=\"wp-block-group\">\n<div class=\"wp-block-columns is-style-full-width-no-padding-top\">\n<div class=\"wp-block-column\"><\/div>\n<\/div>\n<\/div>\n\n\n\n<div class=\"wp-block-group\">\n<div class=\"wp-block-columns are-vertically-aligned-top is-style-default\">\n<div class=\"wp-block-column is-vertically-aligned-top\">\n<h2 class=\"wp-block-heading\">Geballte Energie im Blockformat:<br>bebob CUBE 1200<\/h2>\n\n\n\n<div style=\"height:20px\" aria-hidden=\"true\" class=\"wp-block-spacer\"><\/div>\n\n\n\n<p>Wer auf der Suche nach einem extrem leistungsf\u00e4higen Li-Ion-Akku ist, wird bei unserem neuen <a href=\"https:\/\/bebob.de\/cube.html\">CUBE 1200<\/a> f\u00fcndig: Der Blockakku verf\u00fcgt \u00fcber ein integriertes Ladeger\u00e4t und kann Kameras und Leuchten versorgen \u2013 sogar das ARRI SkyPanel S60 l\u00e4sst sich damit \u00fcber 2,5 Stunden lang mit maximaler Leistung betreiben!<\/p>\n<\/div>\n\n\n\n<div class=\"wp-block-column is-vertically-aligned-top\">\n<figure class=\"wp-block-image size-full is-style-image-aspect-one-one\"><img decoding=\"async\" loading=\"lazy\" width=\"600\" height=\"550\" src=\"https:\/\/bebob.de\/content\/app\/uploads\/2022\/11\/bebob-cube-image.jpeg\" alt=\"\" class=\"wp-image-2207\" srcset=\"https:\/\/bebob.de\/content\/app\/uploads\/2022\/11\/bebob-cube-image.jpeg 600w, https:\/\/bebob.de\/content\/app\/uploads\/2022\/11\/bebob-cube-image-300x275.jpeg 300w\" sizes=\"(max-width: 600px) 100vw, 600px\" \/><\/figure>\n<\/div>\n<\/div>\n<\/div>\n\n\n\n<p><\/p>\n\n\n\n<div class=\"wp-block-group\">\n<div class=\"wp-block-columns is-style-full-width-no-padding-top\">\n<div class=\"wp-block-column\">\n<figure class=\"wp-block-image size-full is-style-image-aspect-one-one\"><img decoding=\"async\" loading=\"lazy\" width=\"600\" height=\"550\" src=\"https:\/\/bebob.de\/content\/app\/uploads\/2022\/11\/bebob-light-image.jpeg\" alt=\"\" class=\"wp-image-2205\" srcset=\"https:\/\/bebob.de\/content\/app\/uploads\/2022\/11\/bebob-light-image.jpeg 600w, https:\/\/bebob.de\/content\/app\/uploads\/2022\/11\/bebob-light-image-300x275.jpeg 300w\" sizes=\"(max-width: 600px) 100vw, 600px\" \/><\/figure>\n<\/div>\n\n\n\n<div class=\"wp-block-column is-vertically-aligned-top\">\n<h2 class=\"wp-block-heading\">F\u00fcr jeden Einsatz, jederzeit<\/h2>\n\n\n\n<p>Blockakkus sind normalerweise sehr schwer und sperrig, was ihrem flexiblen Einsatz oft entgegensteht. Bei der Entwicklung des CUBE 1200 haben wir daher gro\u00dfen Wert auf kompakte Ma\u00dfe gelegt, er ist mit neun Kilogramm auch deutlich leichter als vergleichbare Modelle. Vor allem ist er mit 1200 Wh aber um ein Vielfaches leistungsst\u00e4rker als andere Blockakkus!<\/p>\n\n\n\n<p>Neben seinem vergleichbaren Leichtgewicht und der enormen Leistung kann der CUBE 1200 mit gro\u00dfer Einsatzfreude und Flexibilit\u00e4t punkten. So stehen vielf\u00e4ltigste Anschl\u00fcsse sowohl f\u00fcr alle g\u00e4ngigen Kameramodelle als auch Leuchten bereit: Unter anderem drei 12V-Ausg\u00e4nge (1 x D-Tap, 2x XLR), zwei 24V-Ausg\u00e4nge und ein 48V-Ausgang (alle XLR).<\/p>\n\n\n\n<p>(Praktisch sind \u00fcbrigens auch die beiden vorhandenen USB-Ausg\u00e4nge (5V), hiermit lassen sich externe Ger\u00e4te betreiben und laden \u2013 wenn zum Beispiel am Set mal der Strom von Smartphone oder Tablet ausgehen sollte\u2026)<\/p>\n\n\n\n<p> <\/p>\n<\/div>\n<\/div>\n<\/div>\n\n\n\n<div class=\"wp-block-group\">\n<div class=\"wp-block-columns is-style-full-width-no-padding-top\">\n<div class=\"wp-block-column is-vertically-aligned-top\">\n<h2 class=\"wp-block-heading\">Bringt selbst das ARRI SkyPanel S60 mit voller Leistung zum Strahlen<\/h2>\n\n\n\n<p>Aber zur\u00fcck zum 48V-Ausgang: Dieser spielt unter anderem beim Anschluss eines SkyPanel S60 seine St\u00e4rken aus. Das Skypanel S60 ist ein besonders leistungsstarkes LED-Panel von ARRI. Seine kompakten Ma\u00dfe, seine pr\u00e4zise Einstellbarkeit der Lichttemperatur und seine unvorstellbare Leuchtkraft machen das ARRI SkyPanel S60 universell einsetzbar \u2013 auch im Au\u00dfenbereich.<\/p>\n\n\n\n<p>W\u00e4hrend mit normalen Batterien jedoch nur etwa die H\u00e4lfte seiner maximal m\u00f6glichen Leistung abgerufen werden kann, versorgt der CUBE 1200 das SkyPanel S60 mit gen\u00fcgend Energie um es zu H\u00f6chstform (400 W) auflaufen zu lassen \u2013 und das f\u00fcr \u00fcber 2,5 Stunden! Nicht zuletzt revolutioniert der CUBE 1200 damit zusammen mit dem SkyPanel S60 auch die Mobilit\u00e4t in der Leistungsklasse der &#8222;gro\u00dfen&#8220; LEDs. Auch in diesem Bereich ist es also nicht mehr l\u00e4nger n\u00f6tig, steckergebunden zu arbeiten.<\/p>\n<\/div>\n\n\n\n<div class=\"wp-block-column\">\n<figure class=\"wp-block-image size-full is-style-image-aspect-one-one\"><img decoding=\"async\" loading=\"lazy\" width=\"600\" height=\"550\" src=\"https:\/\/bebob.de\/content\/app\/uploads\/2022\/11\/cube-bebob-image.jpeg\" alt=\"\" class=\"wp-image-2206\" srcset=\"https:\/\/bebob.de\/content\/app\/uploads\/2022\/11\/cube-bebob-image.jpeg 600w, https:\/\/bebob.de\/content\/app\/uploads\/2022\/11\/cube-bebob-image-300x275.jpeg 300w\" sizes=\"(max-width: 600px) 100vw, 600px\" \/><\/figure>\n\n\n\n<p><\/p>\n\n\n\n<p><\/p>\n<\/div>\n<\/div>\n<\/div>\n\n\n\n<div class=\"wp-block-group\">\n<div class=\"wp-block-columns is-style-full-width-no-padding-top\">\n<div class=\"wp-block-column\">\n<figure class=\"wp-block-image size-full is-style-image-aspect-one-one\"><img decoding=\"async\" loading=\"lazy\" width=\"600\" height=\"550\" src=\"https:\/\/bebob.de\/content\/app\/uploads\/2022\/05\/cube-1200-4.jpg\" alt=\"\" class=\"wp-image-534\" srcset=\"https:\/\/bebob.de\/content\/app\/uploads\/2022\/05\/cube-1200-4.jpg 600w, https:\/\/bebob.de\/content\/app\/uploads\/2022\/05\/cube-1200-4-300x275.jpg 300w\" sizes=\"(max-width: 600px) 100vw, 600px\" \/><\/figure>\n<\/div>\n\n\n\n<div class=\"wp-block-column is-vertically-aligned-top\">\n<h3 class=\"wp-block-heading\">Ladeger\u00e4t gleich mit an Bord<\/h3>\n\n\n\n<p>Schnell wieder einsatzbereit: Unser CUBE 1200 besitzt ein integriertes Ladeger\u00e4t und l\u00e4sst sich so innerhalb von acht Stunden vollst\u00e4ndig aufladen. Alternativ ist er auch als Netzger\u00e4t einsetzbar und stellt so bis zu 150 W Ausgangsleistung bereit \u2013 genug, um etwa eine ARRI Alexa oder eine RED Weapon zu betreiben.<\/p>\n\n\n\n<p><\/p>\n\n\n\n<p><\/p>\n\n\n\n<p><\/p>\n\n\n\n<h3 class=\"wp-block-heading\">Die wichtigsten Ausstattungsmerkmale des CUBE 1200<\/h3>\n\n\n\n<ul><li>selbst f\u00fcr leistungshungrige Kameras und Licht geeignet<\/li><li>maximale Belastbarkeit: 480 W<\/li><li>verschiedene 5V-(USB), 12V- (unreg), 24V- und 48V-Ausg\u00e4nge<\/li><li>48V f\u00fcr ARRI&nbsp;SkyPanel S30\/S60 verf\u00fcgbar<\/li><li>AC Eingang: 90-264V \/ 47-63Hz<\/li><li>integriertes Ladeger\u00e4t<\/li><li>Technologie: Lithium-Ion Trimix HL<\/li><li>Ladezeit: 8 Stunden<\/li><li>Ma\u00dfe (B x H x T): 208 x 356 x 167 mm<\/li><li>Gewicht: 8,95 kg<\/li><li>Garantie: 2 Jahre auf 80% der Kapazit\u00e4t<\/li><\/ul>\n\n\n\n<p> <\/p>\n<\/div>\n<\/div>\n<\/div>\n<\/div>\n\n\n\n<div class=\"wp-block-group is-style-image-aspect-two-one is-style-page-wrapper\">\n<div class=\"wp-block-columns is-style-has-big-buttons\">\n<div class=\"wp-block-column\">\n<div style=\"height:20px\" aria-hidden=\"true\" class=\"wp-block-spacer\"><\/div>\n\n\n\n<p class=\"has-text-align-center\"><\/p>\n\n\n\n<p><\/p>\n\n\n\n<div class=\"wp-block-columns is-style-default\">\n<div class=\"wp-block-column\">\n<div class=\"wp-block-buttons\">\n<div class=\"wp-block-button is-style-big-buttons\"><a class=\"wp-block-button__link\" href=\"\/content\/haendler-und-verleiher\/\" target=\"_blank\" rel=\"noreferrer noopener\">Zu den H\u00e4ndlern<\/a><\/div>\n<\/div>\n<\/div>\n\n\n\n<div class=\"wp-block-column\">\n<div class=\"wp-block-buttons\">\n<div class=\"wp-block-button is-style-big-buttons\"><a class=\"wp-block-button__link\" href=\"\/cube-1200.html\" target=\"_blank\" rel=\"noreferrer noopener\">Zu den Produktdetails<\/a><\/div>\n<\/div>\n<\/div>\n<\/div>\n<\/div>\n<\/div>\n<\/div>\n\n\n\n<p><\/p>\n","protected":false},"excerpt":{"rendered":"<p>Einsatzbereiche CUBE 1200 Geballte Energie im Blockformat:bebob CUBE 1200 Wer auf der Suche nach einem extrem leistungsf\u00e4higen Li-Ion-Akku ist, wird bei unserem neuen CUBE 1200 f\u00fcndig: Der Blockakku verf\u00fcgt \u00fcber ein integriertes Ladeger\u00e4t und kann Kameras und Leuchten versorgen \u2013 sogar das ARRI SkyPanel S60 l\u00e4sst sich damit \u00fcber 2,5 Stunden lang mit maximaler Leistung &hellip;<br \/>\n    <a class=\"text-beboblightblue\" href=\"https:\/\/bebob.de\/content\/einsatzbereiche-cube-1200\/\"><\/a><\/p>\n","protected":false},"author":7,"featured_media":0,"parent":0,"menu_order":0,"comment_status":"closed","ping_status":"closed","template":"","meta":{"_seopress_robots_primary_cat":"","_seopress_titles_title":"","_seopress_titles_desc":"","_seopress_robots_index":""},"acf":[],"lang":"de","translations":{"de":299,"en":1381},"pll_sync_post":[],"_links":{"self":[{"href":"https:\/\/bebob.de\/content\/wp-json\/wp\/v2\/pages\/299"}],"collection":[{"href":"https:\/\/bebob.de\/content\/wp-json\/wp\/v2\/pages"}],"about":[{"href":"https:\/\/bebob.de\/content\/wp-json\/wp\/v2\/types\/page"}],"author":[{"embeddable":true,"href":"https:\/\/bebob.de\/content\/wp-json\/wp\/v2\/users\/7"}],"replies":[{"embeddable":true,"href":"https:\/\/bebob.de\/content\/wp-json\/wp\/v2\/comments?post=299"}],"version-history":[{"count":47,"href":"https:\/\/bebob.de\/content\/wp-json\/wp\/v2\/pages\/299\/revisions"}],"predecessor-version":[{"id":3832,"href":"https:\/\/bebob.de\/content\/wp-json\/wp\/v2\/pages\/299\/revisions\/3832"}],"wp:attachment":[{"href":"https:\/\/bebob.de\/content\/wp-json\/wp\/v2\/media?parent=299"}],"curies":[{"name":"wp","href":"https:\/\/api.w.org\/{rel}","templated":true}]}}