{"id":305,"date":"2022-05-12T13:38:04","date_gmt":"2022-05-12T13:38:04","guid":{"rendered":"https:\/\/bebob-staging.grand-digital.de\/?page_id=305"},"modified":"2025-05-26T17:54:00","modified_gmt":"2025-05-26T15:54:00","slug":"presse","status":"publish","type":"page","link":"https:\/\/bebob.de\/content\/presse\/","title":{"rendered":"Presse"},"content":{"rendered":"\n<div style=\"height:50px\" aria-hidden=\"true\" class=\"wp-block-spacer\"><\/div>\n\n\n\n<div class=\"wp-block-group\">\n<h1 class=\"wp-block-heading\">Pressebereich<\/h1>\n<\/div>\n\n\n\n<div style=\"height:25px\" aria-hidden=\"true\" class=\"wp-block-spacer\"><\/div>\n\n\n\n<div class=\"wp-block-group is-style-page-wrapper\">\n<div class=\"wp-block-columns is-style-full-width-no-padding-top\">\n<div class=\"wp-block-column\">\n<figure class=\"wp-block-image size-large is-style-image-aspect-three-one\"><img decoding=\"async\" loading=\"lazy\" width=\"1024\" height=\"384\" src=\"https:\/\/bebob.de\/content\/app\/uploads\/2022\/06\/microphoen-1024x384.jpeg\" alt=\"\" class=\"wp-image-1112\" srcset=\"https:\/\/bebob.de\/content\/app\/uploads\/2022\/06\/microphoen-1024x384.jpeg 1024w, https:\/\/bebob.de\/content\/app\/uploads\/2022\/06\/microphoen-300x113.jpeg 300w, https:\/\/bebob.de\/content\/app\/uploads\/2022\/06\/microphoen-768x288.jpeg 768w, https:\/\/bebob.de\/content\/app\/uploads\/2022\/06\/microphoen-1536x576.jpeg 1536w, https:\/\/bebob.de\/content\/app\/uploads\/2022\/06\/microphoen.jpeg 1600w\" sizes=\"(max-width: 1024px) 100vw, 1024px\" \/><\/figure>\n<\/div>\n<\/div>\n\n\n\n<div class=\"wp-block-group is-style-kontaktXX\">\n<div class=\"wp-block-columns\" style=\"margin-bottom:0px;padding-bottom:0px\">\n<div class=\"wp-block-column\">\n<h3 class=\"wp-block-heading\">Gerne nehmen wir Sie in unseren Presseverteiler auf! <\/h3>\n\n\n\n<p class=\"has-text-color\">Bitte f\u00fcllen Sie hierf\u00fcr das untenstehende Formular aus.<\/p>\n\n\n\n<p class=\"has-text-color\">Ihre Angaben werden selbstverst\u00e4ndlich vertraulich behandelt. Wenn Sie unsere Informationen eines Tages nicht mehr erhalten m\u00f6chten, senden Sie uns einfach eine kurze Email an amaiberger(at)pr-am.com.<\/p>\n\n\n\n<div class=\"wp-block-group is-style-kontakt\" style=\"padding-bottom:0px\">\n<div class=\"wp-block-columns\">\n<div class=\"wp-block-column\"><div role=\"form\" class=\"wpcf7\" id=\"wpcf7-f1128-o1\" lang=\"en-US\" dir=\"ltr\">\n<div class=\"screen-reader-response\"><p role=\"status\" aria-live=\"polite\" aria-atomic=\"true\"><\/p> <ul><\/ul><\/div>\n<form action=\"\/content\/wp-json\/wp\/v2\/pages\/305#wpcf7-f1128-o1\" method=\"post\" class=\"wpcf7-form init\" novalidate=\"novalidate\" data-status=\"init\">\n<div style=\"display: none;\">\n<input type=\"hidden\" name=\"_wpcf7\" value=\"1128\" \/>\n<input type=\"hidden\" name=\"_wpcf7_version\" value=\"5.6.2\" \/>\n<input type=\"hidden\" name=\"_wpcf7_locale\" value=\"en_US\" \/>\n<input type=\"hidden\" name=\"_wpcf7_unit_tag\" value=\"wpcf7-f1128-o1\" \/>\n<input type=\"hidden\" name=\"_wpcf7_container_post\" value=\"0\" \/>\n<input type=\"hidden\" name=\"_wpcf7_posted_data_hash\" value=\"\" \/>\n<input type=\"hidden\" name=\"_wpcf7cf_hidden_group_fields\" value=\"[]\" \/>\n<input type=\"hidden\" name=\"_wpcf7cf_hidden_groups\" value=\"[]\" \/>\n<input type=\"hidden\" name=\"_wpcf7cf_visible_groups\" value=\"[]\" \/>\n<input type=\"hidden\" name=\"_wpcf7cf_repeaters\" value=\"[]\" \/>\n<input type=\"hidden\" name=\"_wpcf7cf_steps\" value=\"{}\" \/>\n<input type=\"hidden\" name=\"_wpcf7cf_options\" value=\"{&quot;form_id&quot;:1128,&quot;conditions&quot;:[],&quot;settings&quot;:{&quot;animation&quot;:&quot;yes&quot;,&quot;animation_intime&quot;:200,&quot;animation_outtime&quot;:200,&quot;conditions_ui&quot;:&quot;normal&quot;,&quot;notice_dismissed&quot;:false,&quot;notice_dismissed_update-cf7-5.6.3&quot;:true}}\" \/>\n<\/div>\n<p><label><br \/>\n    <span class=\"wpcf7-form-control-wrap\" data-name=\"your-name\"><input type=\"text\" name=\"your-name\" value=\"\" size=\"40\" class=\"wpcf7-form-control wpcf7-text wpcf7-validates-as-required\" aria-required=\"true\" aria-invalid=\"false\" placeholder=\"Vorname *\" \/><\/span> <\/label><\/p>\n<p><label><br \/>\n    <span class=\"wpcf7-form-control-wrap\" data-name=\"your-surname\"><input type=\"text\" name=\"your-surname\" value=\"\" size=\"40\" class=\"wpcf7-form-control wpcf7-text wpcf7-validates-as-required\" aria-required=\"true\" aria-invalid=\"false\" placeholder=\"Nachname *\" \/><\/span> <\/label><\/p>\n<p><label><br \/>\n    <span class=\"wpcf7-form-control-wrap\" data-name=\"your-publikation\"><input type=\"text\" name=\"your-publikation\" value=\"\" size=\"40\" class=\"wpcf7-form-control wpcf7-text wpcf7-validates-as-required\" aria-required=\"true\" aria-invalid=\"false\" placeholder=\"Publikation *\" \/><\/span> <\/label><\/p>\n<p><label><br \/>\n    <span class=\"wpcf7-form-control-wrap\" data-name=\"your-email\"><input type=\"email\" name=\"your-email\" value=\"\" size=\"40\" class=\"wpcf7-form-control wpcf7-text wpcf7-email wpcf7-validates-as-required wpcf7-validates-as-email\" aria-required=\"true\" aria-invalid=\"false\" placeholder=\"Emailadresse *\" \/><\/span> <\/label><\/p>\n<p><label><br \/>\n    <span class=\"wpcf7-form-control-wrap\" data-name=\"telephone\"><input type=\"tel\" name=\"telephone\" value=\"\" size=\"40\" class=\"wpcf7-form-control wpcf7-text wpcf7-tel wpcf7-validates-as-tel\" aria-invalid=\"false\" placeholder=\"Telefonnummer\" \/><\/span> <\/label><\/p>\n<p class=\"must-fill-fields\">* Pflichtfelder<\/p>\n<p><span class=\"wpcf7-form-control-wrap\" data-name=\"terms-and-conditions\"><span class=\"wpcf7-form-control wpcf7-acceptance\"><span class=\"wpcf7-list-item\"><label><input type=\"checkbox\" name=\"terms-and-conditions\" value=\"1\" aria-invalid=\"false\" \/><span class=\"wpcf7-list-item-label\">Ich willige ein, dass meine Angaben aus diesem Formular zum Zweck der Bearbeitung meiner Anfrage von durch die bebob factory GmbH gespeichert und verarbeitet werden. Meine Daten werden nicht an Dritte weitergegeben. Ich kann meine Einwilligung jederzeit per E-Mail an <a href=\"mailto:info@bebob.de\">info@bebob.de<\/a> widerrufen. Weitere Informationen finden Sie in der <a href=\"\/content\/privatsphaere-datenschutz\">Datenschutzerkl\u00e4rung.<\/a><\/span><\/label><\/span><\/span><\/span><\/p>\n<p class=\"mb-0 pb-0\"><input type=\"submit\" value=\"Absenden\" class=\"wpcf7-form-control has-spinner wpcf7-submit\" \/><\/p>\n<div class=\"wpcf7-response-output\" aria-hidden=\"true\"><\/div><\/form><\/div>\n<\/div>\n<\/div>\n<\/div>\n<\/div>\n\n\n\n<div class=\"wp-block-column\">\n<h3 class=\"wp-block-heading\">Pressekontakt:<\/h3>\n\n\n\n<p class=\"has-text-color\">Alexandra Maiberger<br>Tel: <a href=\"tel:+491794674310\">+49 179\/ 467 4310<\/a><br>Email: <a href=\"mailto:amaiberger@pr-am.com\">amaiberger@pr-am.com<\/a><br>Zu unserer Bilddatenbank gelangen Sie hier:&nbsp;<a href=\"https:\/\/bebob.de\/downloads\">Zu den Downloads<\/a><\/p>\n<\/div>\n<\/div>\n<\/div>\n<\/div>\n","protected":false},"excerpt":{"rendered":"<p>Pressebereich Gerne nehmen wir Sie in unseren Presseverteiler auf! Bitte f\u00fcllen Sie hierf\u00fcr das untenstehende Formular aus. Ihre Angaben werden selbstverst\u00e4ndlich vertraulich behandelt. Wenn Sie unsere Informationen eines Tages nicht mehr erhalten m\u00f6chten, senden Sie uns einfach eine kurze Email an amaiberger(at)pr-am.com. Pressekontakt: Alexandra MaibergerTel: +49 179\/ 467 4310Email: amaiberger@pr-am.comZu unserer Bilddatenbank gelangen Sie hier:&nbsp;Zu &hellip;<br \/>\n    <a class=\"text-beboblightblue\" href=\"https:\/\/bebob.de\/content\/presse\/\"><\/a><\/p>\n","protected":false},"author":7,"featured_media":0,"parent":0,"menu_order":0,"comment_status":"closed","ping_status":"closed","template":"","meta":{"_seopress_robots_primary_cat":"","_seopress_titles_title":"","_seopress_titles_desc":"","_seopress_robots_index":""},"acf":[],"lang":"de","translations":{"de":305,"en":1423},"pll_sync_post":[],"_links":{"self":[{"href":"https:\/\/bebob.de\/content\/wp-json\/wp\/v2\/pages\/305"}],"collection":[{"href":"https:\/\/bebob.de\/content\/wp-json\/wp\/v2\/pages"}],"about":[{"href":"https:\/\/bebob.de\/content\/wp-json\/wp\/v2\/types\/page"}],"author":[{"embeddable":true,"href":"https:\/\/bebob.de\/content\/wp-json\/wp\/v2\/users\/7"}],"replies":[{"embeddable":true,"href":"https:\/\/bebob.de\/content\/wp-json\/wp\/v2\/comments?post=305"}],"version-history":[{"count":45,"href":"https:\/\/bebob.de\/content\/wp-json\/wp\/v2\/pages\/305\/revisions"}],"predecessor-version":[{"id":4975,"href":"https:\/\/bebob.de\/content\/wp-json\/wp\/v2\/pages\/305\/revisions\/4975"}],"wp:attachment":[{"href":"https:\/\/bebob.de\/content\/wp-json\/wp\/v2\/media?parent=305"}],"curies":[{"name":"wp","href":"https:\/\/api.w.org\/{rel}","templated":true}]}}