{"id":307,"date":"2022-05-12T13:38:42","date_gmt":"2022-05-12T13:38:42","guid":{"rendered":"https:\/\/bebob-staging.grand-digital.de\/?page_id=307"},"modified":"2025-05-26T17:55:19","modified_gmt":"2025-05-26T15:55:19","slug":"newsletter-abonnieren","status":"publish","type":"page","link":"https:\/\/bebob.de\/content\/newsletter-abonnieren\/","title":{"rendered":"Newsletter"},"content":{"rendered":"\n<div style=\"height:50px\" aria-hidden=\"true\" class=\"wp-block-spacer\"><\/div>\n\n\n\n<div class=\"wp-block-group\">\n<div class=\"wp-block-columns is-style-default\">\n<div class=\"wp-block-column\">\n<h1 class=\"wp-block-heading\">Bleiben Sie auf dem Laufenden<br><\/h1>\n\n\n\n<div style=\"height:25px\" aria-hidden=\"true\" class=\"wp-block-spacer\"><\/div>\n\n\n\n<p>Gerne informieren wir Sie aktiv \u00fcber neue Produkte, Veranstaltungen und Sonderaktionen. <\/p>\n\n\n\n<p>Unser Newsletter erscheint unregelm\u00e4\u00dfig und nur bei relevanten Neuigkeiten. <\/p>\n\n\n\n<p>Gerne nehmen wir Ihre Emailadresse in unseren Verteiler auf:<\/p>\n\n\n\n<div class=\"block block-subscribe\">\n  <script>\n    function loadjQuery(e, t) {\n      var n = document.createElement(\"script\");\n      n.setAttribute(\"src\", e);\n      n.onload = t;\n      n.onreadystatechange = function() {\n        if (this.readyState == \"complete\" || this.readyState == \"loaded\") t()\n      };\n      document.getElementsByTagName(\"head\")[0].appendChild(n)\n    }\n\n    function main() {\n      var $cr = jQuery.noConflict();\n      var old_src;\n      $cr(document).ready(function() {\n        $cr(\".cr_form\").submit(function() {\n          $cr(this).find('.clever_form_error').removeClass('clever_form_error');\n          $cr(this).find('.clever_form_note').remove();\n          $cr(this).find(\".musthave\").find('input, textarea').each(function() {\n            if (jQuery.trim($cr(this).val()) == \"\" || ($cr(this).is(':checkbox')) || ($cr(this).is(':radio'))) {\n              if ($cr(this).is(':checkbox') || ($cr(this).is(':radio'))) {\n                if (!$cr(this).parent().find(\":checked\").is(\":checked\")) {\n                  $cr(this).parent().addClass('clever_form_error')\n                }\n              } else {\n                $cr(this).addClass('clever_form_error')\n              }\n            }\n          });\n          if ($cr(this).attr(\"action\").search(document.domain) > 0 && $cr(\".cr_form\").attr(\"action\").search(\"wcs\") > 0) {\n            var cr_email = $cr(this).find('input[name=email]');\n            var unsub = false;\n            if ($cr(\"input['name=cr_subunsubscribe'][value='false']\").length) {\n              if ($cr(\"input['name=cr_subunsubscribe'][value='false']\").is(\":checked\")) {\n                unsub = true\n              }\n            }\n            if (cr_email.val() && !unsub) {\n              $cr.ajax({\n                type: \"GET\",\n                url: $cr(\".cr_form\").attr(\"action\").replace(\"wcs\", \"check_email\") + $cr(this).find('input[name=email]').val(),\n                success: function(data) {\n                  if (data) {\n                    cr_email.addClass('clever_form_error').before(\"<div class='clever_form_note cr_font'>\" + data + \"<\/div>\");\n                    return false\n                  }\n                },\n                async: false\n              })\n            }\n            var cr_captcha = $cr(this).find('input[name=captcha]');\n            if (cr_captcha.val()) {\n              $cr.ajax({\n                type: \"GET\",\n                url: $cr(\".cr_form\").attr(\"action\").replace(\"wcs\", \"check_captcha\") + $cr(this).find('input[name=captcha]').val(),\n                success: function(data) {\n                  if (data) {\n                    cr_captcha.addClass('clever_form_error').after(\"<div  class='clever_form_note cr_font'>\" + data + \"<\/div>\");\n                    return false\n                  }\n                },\n                async: false\n              })\n            }\n          }\n          if ($cr(this).find('.clever_form_error').length) {\n            return false\n          }\n          return true\n        });\n        $cr('input[class*=\"cr_number\"]').change(function() {\n          if (isNaN($cr(this).val())) {\n            $cr(this).val(1)\n          }\n          if ($cr(this).attr(\"min\")) {\n            if (($cr(this).val() * 1) < ($cr(this).attr(\"min\") * 1)) {\n              $cr(this).val($cr(this).attr(\"min\"))\n            }\n          }\n          if ($cr(this).attr(\"max\")) {\n            if (($cr(this).val() * 1) > ($cr(this).attr(\"max\") * 1)) {\n              $cr(this).val($cr(this).attr(\"max\"))\n            }\n          }\n        });\n        old_src = $cr(\"div[rel='captcha'] img:not(.captcha2_reload)\").attr(\"src\");\n        if ($cr(\"div[rel='captcha'] img:not(.captcha2_reload)\").length != 0) {\n          captcha_reload()\n        }\n      });\n\n      function captcha_reload() {\n        var timestamp = new Date().getTime();\n        $cr(\"div[rel='captcha'] img:not(.captcha2_reload)\").attr(\"src\", \"\");\n        $cr(\"div[rel='captcha'] img:not(.captcha2_reload)\").attr(\"src\", old_src + \"?t=\" + timestamp);\n        return false\n      }\n    }\n    if (typeof jQuery === \"undefined\") {\n      loadjQuery(\"\/\/ajax.googleapis.com\/ajax\/libs\/jquery\/1.4.2\/jquery.min.js\", main)\n    } else {\n      main()\n    }\n  <\/script>\n  <form class=\"cr_form cr_font\" action=\"https:\/\/seu2.cleverreach.com\/f\/122008-153164\/wcs\/\" method=\"post\" target=\"_blank\">\n    <div class=\"newsletter-wrapper cr_font\">\n      <div id=\"3189902\" rel=\"email\" class=\"musthave newsletter-size\">\n        <input id=\"3189902\" name=\"email\" value=\"\" type=\"text\" placeholder=\"E-Mail-Adresse\" title=\"Anmeldung f\u00fcr unseren Newsletter\" class=\"newsletter-placeholder\">\n      <\/div>\n      <div id=\"3189904\" rel=\"button\" class=\"newsletter-size-right\">\n        <button type=\"submit\" title=\"Abonnieren\" class=\"newsletter-button\"><span><span>Abonnieren<\/span><\/span><\/button>\n      <\/div>\n      <noscript><a href=\"http:\/\/www.cleverreach.de\">www.CleverReach.de<\/a><\/noscript>\n    <\/div>\n  <\/form>\n<\/div>\n<\/div>\n<\/div>\n<\/div>\n","protected":false},"excerpt":{"rendered":"<p>Bleiben Sie auf dem Laufenden Gerne informieren wir Sie aktiv \u00fcber neue Produkte, Veranstaltungen und Sonderaktionen. Unser Newsletter erscheint unregelm\u00e4\u00dfig und nur bei relevanten Neuigkeiten. Gerne nehmen wir Ihre Emailadresse in unseren Verteiler auf: Abonnieren www.CleverReach.de<\/p>\n","protected":false},"author":7,"featured_media":0,"parent":0,"menu_order":0,"comment_status":"closed","ping_status":"closed","template":"","meta":{"_seopress_robots_primary_cat":"","_seopress_titles_title":"","_seopress_titles_desc":"","_seopress_robots_index":""},"acf":[],"lang":"de","translations":{"de":307,"en":1415},"pll_sync_post":[],"_links":{"self":[{"href":"https:\/\/bebob.de\/content\/wp-json\/wp\/v2\/pages\/307"}],"collection":[{"href":"https:\/\/bebob.de\/content\/wp-json\/wp\/v2\/pages"}],"about":[{"href":"https:\/\/bebob.de\/content\/wp-json\/wp\/v2\/types\/page"}],"author":[{"embeddable":true,"href":"https:\/\/bebob.de\/content\/wp-json\/wp\/v2\/users\/7"}],"replies":[{"embeddable":true,"href":"https:\/\/bebob.de\/content\/wp-json\/wp\/v2\/comments?post=307"}],"version-history":[{"count":18,"href":"https:\/\/bebob.de\/content\/wp-json\/wp\/v2\/pages\/307\/revisions"}],"predecessor-version":[{"id":4976,"href":"https:\/\/bebob.de\/content\/wp-json\/wp\/v2\/pages\/307\/revisions\/4976"}],"wp:attachment":[{"href":"https:\/\/bebob.de\/content\/wp-json\/wp\/v2\/media?parent=307"}],"curies":[{"name":"wp","href":"https:\/\/api.w.org\/{rel}","templated":true}]}}