{"id":3558,"date":"2024-01-23T20:40:36","date_gmt":"2024-01-23T19:40:36","guid":{"rendered":"https:\/\/bebob.de\/content\/?page_id=3558"},"modified":"2025-10-02T12:13:37","modified_gmt":"2025-10-02T10:13:37","slug":"technischer-support","status":"publish","type":"page","link":"https:\/\/bebob.de\/content\/technischer-support\/","title":{"rendered":"Technischer Support"},"content":{"rendered":"\n<div class=\"wp-block-group is-style-kontakt\">\n<div class=\"wp-block-columns\">\n<div class=\"wp-block-column\">\n<h2 class=\"wp-block-heading\">Technischer Support&nbsp;<\/h2>\n\n\n\n<p>Ben\u00f6tigen Sie Hilfe zu einem bereits erworbenen Produkt? Bitte nutzen Sie das folgende Formular, so k\u00f6nnen wir Ihnen schnellstm\u00f6glich weiterhelfen!<\/p>\n\n\n\n<p><strong>F\u00fcr unsere Kunden aus den USA<\/strong>&nbsp;bieten wir \u00fcber unseren Servicepartner Blue Whale Energy &amp; Innovation einen direkten Vor-Ort-Service an.&nbsp;Bitte nutzen Sie&nbsp;<a href=\"https:\/\/www.bluewhalematerials.com\/bebob-usa-by-bwei\" target=\"_blank\" rel=\"noreferrer noopener\">dieses Formular<\/a>, um den Prozess zu beschleunigen.<\/p>\n\n\n\n<div class=\"wpcf7 no-js\" id=\"wpcf7-f3567-o1\" lang=\"de-DE\" dir=\"ltr\" data-wpcf7-id=\"3567\">\n<div class=\"screen-reader-response\"><p role=\"status\" aria-live=\"polite\" aria-atomic=\"true\"><\/p> <ul><\/ul><\/div>\n<form action=\"\/content\/wp-json\/wp\/v2\/pages\/3558#wpcf7-f3567-o1\" method=\"post\" class=\"wpcf7-form init\" aria-label=\"Kontaktformular\" novalidate=\"novalidate\" data-status=\"init\">\n<fieldset class=\"hidden-fields-container\"><input type=\"hidden\" name=\"_wpcf7\" value=\"3567\" \/><input type=\"hidden\" name=\"_wpcf7_version\" value=\"6.1.5\" \/><input type=\"hidden\" name=\"_wpcf7_locale\" value=\"de_DE\" \/><input type=\"hidden\" name=\"_wpcf7_unit_tag\" value=\"wpcf7-f3567-o1\" \/><input type=\"hidden\" name=\"_wpcf7_container_post\" value=\"0\" \/><input type=\"hidden\" name=\"_wpcf7_posted_data_hash\" value=\"\" \/><input type=\"hidden\" name=\"_wpcf7cf_hidden_group_fields\" value=\"[]\" \/><input type=\"hidden\" name=\"_wpcf7cf_hidden_groups\" value=\"[]\" \/><input type=\"hidden\" name=\"_wpcf7cf_visible_groups\" value=\"[]\" \/><input type=\"hidden\" name=\"_wpcf7cf_repeaters\" value=\"[]\" \/><input type=\"hidden\" name=\"_wpcf7cf_steps\" value=\"{}\" \/><input type=\"hidden\" name=\"_wpcf7cf_options\" value=\"{&quot;form_id&quot;:3567,&quot;conditions&quot;:[],&quot;settings&quot;:{&quot;animation&quot;:&quot;yes&quot;,&quot;animation_intime&quot;:200,&quot;animation_outtime&quot;:200,&quot;conditions_ui&quot;:&quot;normal&quot;,&quot;notice_dismissed&quot;:false,&quot;repeater_remove_button&quot;:&quot;bottom&quot;,&quot;notice_dismissed_update-cf7-5.6.3&quot;:true}}\" \/>\n<\/fieldset>\n<p><br \/>\n<label><br \/>\n<span class=\"wpcf7-form-control-wrap\" data-name=\"your-firm\"><input size=\"40\" maxlength=\"400\" class=\"wpcf7-form-control wpcf7-text wpcf7-validates-as-required\" aria-required=\"true\" aria-invalid=\"false\" placeholder=\"Firma *\" value=\"\" type=\"text\" name=\"your-firm\" \/><\/span> <\/label>\n<\/p>\n<p><label><br \/>\n<span class=\"wpcf7-form-control-wrap\" data-name=\"your-person\"><input size=\"40\" maxlength=\"400\" class=\"wpcf7-form-control wpcf7-text wpcf7-validates-as-required\" aria-required=\"true\" aria-invalid=\"false\" placeholder=\"Kontaktperson *\" value=\"\" type=\"text\" name=\"your-person\" \/><\/span> <\/label>\n<\/p>\n<p><label><br \/>\n<span class=\"wpcf7-form-control-wrap\" data-name=\"your-land\"><input size=\"40\" maxlength=\"400\" class=\"wpcf7-form-control wpcf7-text wpcf7-validates-as-required\" aria-required=\"true\" aria-invalid=\"false\" placeholder=\"Land *\" value=\"\" type=\"text\" name=\"your-land\" \/><\/span> <\/label>\n<\/p>\n<p><label><br \/>\n<span class=\"wpcf7-form-control-wrap\" data-name=\"your-mail\"><input size=\"40\" maxlength=\"400\" class=\"wpcf7-form-control wpcf7-email wpcf7-validates-as-required wpcf7-text wpcf7-validates-as-email\" aria-required=\"true\" aria-invalid=\"false\" placeholder=\"Email *\" value=\"\" type=\"email\" name=\"your-mail\" \/><\/span> <\/label>\n<\/p>\n<p><label><br \/>\n<span class=\"wpcf7-form-control-wrap\" data-name=\"phone\"><input size=\"40\" maxlength=\"400\" class=\"wpcf7-form-control wpcf7-tel wpcf7-text wpcf7-validates-as-tel\" aria-invalid=\"false\" placeholder=\"Telefon\" value=\"\" type=\"tel\" name=\"phone\" \/><\/span> <\/label>\n<\/p>\n<p><label><br \/>\n<span class=\"wpcf7-form-control-wrap\" data-name=\"your-handler\"><input size=\"40\" maxlength=\"400\" class=\"wpcf7-form-control wpcf7-text wpcf7-validates-as-required\" aria-required=\"true\" aria-invalid=\"false\" placeholder=\"H\u00e4ndler *\" value=\"\" type=\"text\" name=\"your-handler\" \/><\/span> <\/label>\n<\/p>\n<p><label><br \/>\n<span class=\"wpcf7-form-control-wrap\" data-name=\"your-product\"><input size=\"40\" maxlength=\"400\" class=\"wpcf7-form-control wpcf7-text wpcf7-validates-as-required\" aria-required=\"true\" aria-invalid=\"false\" placeholder=\"Produktname *\" value=\"\" type=\"text\" name=\"your-product\" \/><\/span> <\/label>\n<\/p>\n<p><label><br \/>\n<span class=\"wpcf7-form-control-wrap\" data-name=\"your-series\"><input size=\"40\" maxlength=\"400\" class=\"wpcf7-form-control wpcf7-text wpcf7-validates-as-required\" aria-required=\"true\" aria-invalid=\"false\" placeholder=\"Seriennummer *\" value=\"\" type=\"text\" name=\"your-series\" \/><\/span> <\/label>\n<\/p>\n<p><label><br \/>\n<span class=\"wpcf7-form-control-wrap\" data-name=\"your-error-message\"><textarea cols=\"40\" rows=\"10\" maxlength=\"2000\" class=\"wpcf7-form-control wpcf7-textarea wpcf7-validates-as-required\" aria-required=\"true\" aria-invalid=\"false\" placeholder=\"Fehlerbeschreibung *\" name=\"your-error-message\"><\/textarea><\/span> <\/label>\n<\/p>\n<p><label><br \/>\n<span class=\"wpcf7-form-control-wrap\" data-name=\"your-additional-message\"><textarea cols=\"40\" rows=\"10\" maxlength=\"2000\" class=\"wpcf7-form-control wpcf7-textarea\" aria-invalid=\"false\" placeholder=\"Nachricht\" name=\"your-additional-message\"><\/textarea><\/span> <\/label>\n<\/p>\n<p class=\"must-fill-fields\">* Pflichtfelder\n<\/p>\n<p><span class=\"wpcf7-form-control-wrap\" data-name=\"terms-and-conditions\"><span class=\"wpcf7-form-control wpcf7-acceptance\"><span class=\"wpcf7-list-item\"><label><input type=\"checkbox\" name=\"terms-and-conditions\" value=\"1\" aria-invalid=\"false\" \/><span class=\"wpcf7-list-item-label\">Ich willige ein, dass meine Angaben aus diesem Formular zum Zweck der Bearbeitung meiner Anfrage von durch die bebob factory GmbH gespeichert und verarbeitet werden. Meine Daten werden nicht an Dritte weitergegeben. Ich kann meine Einwilligung jederzeit per E-Mail an <a href=\"mailto:info@bebob.de\">info@bebob.de<\/a> widerrufen. Weitere Informationen finden Sie in der <a href=\"\/content\/privatsphaere-datenschutz\">Datenschutzerkl\u00e4rung.<\/a><\/span><\/label><\/span><\/span><\/span>\n<\/p>\n<p><input class=\"wpcf7-form-control wpcf7-submit has-spinner\" type=\"submit\" value=\"Absenden\" \/>\n<\/p><div class=\"wpcf7-response-output\" aria-hidden=\"true\"><\/div>\n<\/form>\n<\/div>\n\n<\/div>\n\n\n\n<div class=\"wp-block-column\"><\/div>\n<\/div>\n<\/div>\n\n\n\n<div class=\"wp-block-group is-style-default\">\n<div class=\"wp-block-columns is-style-full-width\">\n<div class=\"wp-block-column\"><\/div>\n<\/div>\n<\/div>\n\n\n\n<p><\/p>\n\n\n\n<p><\/p>\n","protected":false},"excerpt":{"rendered":"<p>Technischer Support&nbsp; Ben\u00f6tigen Sie Hilfe zu einem bereits erworbenen Produkt? Bitte nutzen Sie das folgende Formular, so k\u00f6nnen wir Ihnen schnellstm\u00f6glich weiterhelfen! F\u00fcr unsere Kunden aus den USA&nbsp;bieten wir \u00fcber unseren Servicepartner Blue Whale Energy &amp; Innovation einen direkten Vor-Ort-Service an.&nbsp;Bitte nutzen Sie&nbsp;dieses Formular, um den Prozess zu beschleunigen.<\/p>\n","protected":false},"author":7,"featured_media":0,"parent":0,"menu_order":0,"comment_status":"closed","ping_status":"closed","template":"","meta":{"_acf_changed":false,"_seopress_robots_primary_cat":"","_seopress_titles_title":"","_seopress_titles_desc":"","_seopress_robots_index":"","_seopress_analysis_target_kw":"","footnotes":""},"class_list":["post-3558","page","type-page","status-publish","hentry"],"acf":[],"lang":"de","translations":{"de":3558,"en":3603},"pll_sync_post":[],"_links":{"self":[{"href":"https:\/\/bebob.de\/content\/wp-json\/wp\/v2\/pages\/3558","targetHints":{"allow":["GET"]}}],"collection":[{"href":"https:\/\/bebob.de\/content\/wp-json\/wp\/v2\/pages"}],"about":[{"href":"https:\/\/bebob.de\/content\/wp-json\/wp\/v2\/types\/page"}],"author":[{"embeddable":true,"href":"https:\/\/bebob.de\/content\/wp-json\/wp\/v2\/users\/7"}],"replies":[{"embeddable":true,"href":"https:\/\/bebob.de\/content\/wp-json\/wp\/v2\/comments?post=3558"}],"version-history":[{"count":4,"href":"https:\/\/bebob.de\/content\/wp-json\/wp\/v2\/pages\/3558\/revisions"}],"predecessor-version":[{"id":5073,"href":"https:\/\/bebob.de\/content\/wp-json\/wp\/v2\/pages\/3558\/revisions\/5073"}],"wp:attachment":[{"href":"https:\/\/bebob.de\/content\/wp-json\/wp\/v2\/media?parent=3558"}],"curies":[{"name":"wp","href":"https:\/\/api.w.org\/{rel}","templated":true}]}}